{"id":202,"date":"2020-10-21T08:08:54","date_gmt":"2020-10-21T08:08:54","guid":{"rendered":"https:\/\/qi21.qodeinteractive.com\/?page_id=202"},"modified":"2023-03-16T02:41:20","modified_gmt":"2023-03-16T02:41:20","slug":"nosotros","status":"publish","type":"page","link":"https:\/\/truedigital.com.mx\/en\/nosotros\/","title":{"rendered":"About Us"},"content":{"rendered":"\t\t<div data-elementor-type=\"wp-page\" data-elementor-id=\"202\" class=\"elementor elementor-202\" data-elementor-post-type=\"page\">\n\t\t\t\t\t\t<section class=\"elementor-section elementor-top-section elementor-element elementor-element-1ebaa72 elementor-section-full_width elementor-section-stretched elementor-section-height-default elementor-section-height-default qodef-elementor-content-no\" data-id=\"1ebaa72\" data-element_type=\"section\" data-e-type=\"section\" data-settings=\"{&quot;stretch_section&quot;:&quot;section-stretched&quot;}\">\n\t\t\t\t\t\t<div class=\"elementor-container elementor-column-gap-default\">\n\t\t\t\t\t<div class=\"elementor-column elementor-col-50 elementor-top-column elementor-element elementor-element-b3442c2\" data-id=\"b3442c2\" data-element_type=\"column\" data-e-type=\"column\">\n\t\t\t<div class=\"elementor-widget-wrap elementor-element-populated\">\n\t\t\t\t\t\t<section class=\"elementor-section elementor-inner-section elementor-element elementor-element-4527106 elementor-section-full_width elementor-section-height-full elementor-section-content-top elementor-section-height-default qodef-elementor-content-no\" data-id=\"4527106\" data-element_type=\"section\" data-e-type=\"section\" data-settings=\"{&quot;background_background&quot;:&quot;video&quot;,&quot;background_video_link&quot;:&quot;https:\\\/\\\/truedigital.com.mx\\\/wp-content\\\/uploads\\\/2023\\\/02\\\/nosotros_c.mp4&quot;,&quot;background_play_on_mobile&quot;:&quot;yes&quot;}\">\n\t\t\t\t\t\t\t\t<div class=\"elementor-background-video-container\">\n\t\t\t\t\t\t\t\t\t\t\t\t\t<video class=\"elementor-background-video-hosted\" role=\"presentation\" autoplay muted playsinline loop><\/video>\n\t\t\t\t\t\t\t\t\t\t\t<\/div>\n\t\t\t\t\t\t\t\t<div class=\"elementor-container elementor-column-gap-no\">\n\t\t\t\t\t<div class=\"elementor-column elementor-col-100 elementor-inner-column elementor-element elementor-element-a941304\" data-id=\"a941304\" data-element_type=\"column\" data-e-type=\"column\">\n\t\t\t<div class=\"elementor-widget-wrap elementor-element-populated\">\n\t\t\t\t\t\t<div class=\"elementor-element elementor-element-54025c5f elementor-widget elementor-widget-heading\" data-id=\"54025c5f\" data-element_type=\"widget\" data-e-type=\"widget\" data-widget_type=\"heading.default\">\n\t\t\t\t<div class=\"elementor-widget-container\">\n\t\t\t\t\t<h1 class=\"elementor-heading-title elementor-size-default\">SOBRE NOSOTROS<\/h1>\t\t\t\t<\/div>\n\t\t\t\t<\/div>\n\t\t\t\t\t<\/div>\n\t\t<\/div>\n\t\t\t\t\t<\/div>\n\t\t<\/section>\n\t\t\t\t\t<\/div>\n\t\t<\/div>\n\t\t\t\t<div class=\"elementor-column elementor-col-50 elementor-top-column elementor-element elementor-element-92b6e6a\" data-id=\"92b6e6a\" data-element_type=\"column\" data-e-type=\"column\" data-settings=\"{&quot;background_background&quot;:&quot;classic&quot;}\">\n\t\t\t<div class=\"elementor-widget-wrap elementor-element-populated\">\n\t\t\t\t\t\t<section class=\"elementor-section elementor-inner-section elementor-element elementor-element-870a93f elementor-section-boxed elementor-section-height-default elementor-section-height-default qodef-elementor-content-no\" data-id=\"870a93f\" data-element_type=\"section\" data-e-type=\"section\">\n\t\t\t\t\t\t<div class=\"elementor-container elementor-column-gap-default\">\n\t\t\t\t\t<div class=\"elementor-column elementor-col-100 elementor-inner-column elementor-element elementor-element-62acf3a\" data-id=\"62acf3a\" data-element_type=\"column\" data-e-type=\"column\">\n\t\t\t<div class=\"elementor-widget-wrap elementor-element-populated\">\n\t\t\t\t\t\t<div class=\"elementor-element elementor-element-bb8bcbc elementor-widget elementor-widget-image\" data-id=\"bb8bcbc\" data-element_type=\"widget\" data-e-type=\"widget\" data-widget_type=\"image.default\">\n\t\t\t\t<div class=\"elementor-widget-container\">\n\t\t\t\t\t\t\t\t\t\t\t\t\t\t\t<img fetchpriority=\"high\" decoding=\"async\" width=\"1024\" height=\"257\" src=\"https:\/\/i0.wp.com\/truedigital.com.mx\/wp-content\/uploads\/2023\/02\/Logo-TDC-blnaco.png?fit=1024%2C257&amp;ssl=1\" class=\"attachment-large size-large wp-image-1742\" alt=\"\" srcset=\"https:\/\/i0.wp.com\/truedigital.com.mx\/wp-content\/uploads\/2023\/02\/Logo-TDC-blnaco.png?w=3042&amp;ssl=1 3042w, https:\/\/i0.wp.com\/truedigital.com.mx\/wp-content\/uploads\/2023\/02\/Logo-TDC-blnaco.png?resize=300%2C75&amp;ssl=1 300w, https:\/\/i0.wp.com\/truedigital.com.mx\/wp-content\/uploads\/2023\/02\/Logo-TDC-blnaco.png?resize=1024%2C257&amp;ssl=1 1024w, https:\/\/i0.wp.com\/truedigital.com.mx\/wp-content\/uploads\/2023\/02\/Logo-TDC-blnaco.png?resize=768%2C193&amp;ssl=1 768w, https:\/\/i0.wp.com\/truedigital.com.mx\/wp-content\/uploads\/2023\/02\/Logo-TDC-blnaco.png?resize=1536%2C386&amp;ssl=1 1536w, https:\/\/i0.wp.com\/truedigital.com.mx\/wp-content\/uploads\/2023\/02\/Logo-TDC-blnaco.png?resize=2048%2C514&amp;ssl=1 2048w, https:\/\/i0.wp.com\/truedigital.com.mx\/wp-content\/uploads\/2023\/02\/Logo-TDC-blnaco.png?w=2200&amp;ssl=1 2200w\" sizes=\"(max-width: 1024px) 100vw, 1024px\" \/>\t\t\t\t\t\t\t\t\t\t\t\t\t\t\t<\/div>\n\t\t\t\t<\/div>\n\t\t\t\t\t<\/div>\n\t\t<\/div>\n\t\t\t\t\t<\/div>\n\t\t<\/section>\n\t\t\t\t<div class=\"elementor-element elementor-element-610004b elementor-widget elementor-widget-text-editor\" data-id=\"610004b\" data-element_type=\"widget\" data-e-type=\"widget\" data-widget_type=\"text-editor.default\">\n\t\t\t\t<div class=\"elementor-widget-container\">\n\t\t\t\t\t\t\t\t\t<p>Somos una empresa de consultor\u00eda especializada en transformaci\u00f3n digital y experiencia del cliente. Nuestro equipo est\u00e1 conformado por un grupo de j\u00f3venes mexicanos comprometidos en impulsar el desarrollo de las empresas a trav\u00e9s de la transformaci\u00f3n digital. Sabemos que M\u00e9xico es un pa\u00eds lleno de oportunidades, pero tambi\u00e9n de retos, por lo que queremos ayudar a las empresas a superarlos mediante la adopci\u00f3n de herramientas digitales que les permitan mejorar su competitividad.<\/p><p>Estamos convencidos de que la transformaci\u00f3n digital debe estar al alcance de todas y cada una de las empresas en M\u00e9xico. Nuestra misi\u00f3n es fortalecer la estrategia de las empresas mediante nuestro conocimiento y compromiso de brindar un servicio de calidad.<\/p>\t\t\t\t\t\t\t\t<\/div>\n\t\t\t\t<\/div>\n\t\t\t\t<div class=\"elementor-element elementor-element-6ebb90e elementor-widget__width-initial elementor-widget-tablet__width-initial elementor-absolute elementor-widget-mobile__width-initial elementor-widget elementor-widget-global elementor-global-4096 elementor-widget-spacer\" data-id=\"6ebb90e\" data-element_type=\"widget\" data-e-type=\"widget\" data-settings=\"{&quot;_position&quot;:&quot;absolute&quot;,&quot;motion_fx_motion_fx_scrolling&quot;:&quot;yes&quot;,&quot;motion_fx_translateX_effect&quot;:&quot;yes&quot;,&quot;motion_fx_translateX_direction&quot;:&quot;negative&quot;,&quot;motion_fx_translateX_speed&quot;:{&quot;unit&quot;:&quot;px&quot;,&quot;size&quot;:1.5,&quot;sizes&quot;:[]},&quot;motion_fx_translateX_affectedRange&quot;:{&quot;unit&quot;:&quot;%&quot;,&quot;size&quot;:&quot;&quot;,&quot;sizes&quot;:{&quot;start&quot;:0,&quot;end&quot;:50}},&quot;motion_fx_devices&quot;:[&quot;desktop&quot;,&quot;tablet&quot;,&quot;mobile&quot;]}\" data-widget_type=\"spacer.default\">\n\t\t\t\t<div class=\"elementor-widget-container\">\n\t\t\t\t\t\t\t<div class=\"elementor-spacer\">\n\t\t\t<div class=\"elementor-spacer-inner\"><\/div>\n\t\t<\/div>\n\t\t\t\t\t\t<\/div>\n\t\t\t\t<\/div>\n\t\t\t\t\t<\/div>\n\t\t<\/div>\n\t\t\t\t\t<\/div>\n\t\t<\/section>\n\t\t\t\t<section class=\"elementor-section elementor-top-section elementor-element elementor-element-9164a7e elementor-section-boxed elementor-section-height-default elementor-section-height-default qodef-elementor-content-no\" data-id=\"9164a7e\" data-element_type=\"section\" data-e-type=\"section\">\n\t\t\t\t\t\t<div class=\"elementor-container elementor-column-gap-default\">\n\t\t\t\t\t<div class=\"elementor-column elementor-col-100 elementor-top-column elementor-element elementor-element-d21c6ff\" data-id=\"d21c6ff\" data-element_type=\"column\" data-e-type=\"column\">\n\t\t\t<div class=\"elementor-widget-wrap elementor-element-populated\">\n\t\t\t\t\t\t<div class=\"elementor-element elementor-element-cd7a56b elementor-widget elementor-widget-image\" data-id=\"cd7a56b\" data-element_type=\"widget\" data-e-type=\"widget\" data-widget_type=\"image.default\">\n\t\t\t\t<div class=\"elementor-widget-container\">\n\t\t\t\t\t\t\t\t\t\t\t\t\t\t\t<img decoding=\"async\" width=\"10951\" height=\"8190\" data-src=\"https:\/\/i0.wp.com\/truedigital.com.mx\/wp-content\/uploads\/2023\/03\/Scrum.png?fit=10951%2C8190&amp;ssl=1\" class=\"attachment-full size-full wp-image-3420 lazyload\" alt=\"\" data-srcset=\"https:\/\/i0.wp.com\/truedigital.com.mx\/wp-content\/uploads\/2023\/03\/Scrum.png?w=10951&amp;ssl=1 10951w, https:\/\/i0.wp.com\/truedigital.com.mx\/wp-content\/uploads\/2023\/03\/Scrum.png?resize=300%2C224&amp;ssl=1 300w, https:\/\/i0.wp.com\/truedigital.com.mx\/wp-content\/uploads\/2023\/03\/Scrum.png?resize=1024%2C766&amp;ssl=1 1024w, https:\/\/i0.wp.com\/truedigital.com.mx\/wp-content\/uploads\/2023\/03\/Scrum.png?resize=768%2C574&amp;ssl=1 768w, https:\/\/i0.wp.com\/truedigital.com.mx\/wp-content\/uploads\/2023\/03\/Scrum.png?resize=1536%2C1149&amp;ssl=1 1536w, https:\/\/i0.wp.com\/truedigital.com.mx\/wp-content\/uploads\/2023\/03\/Scrum.png?resize=2048%2C1532&amp;ssl=1 2048w, https:\/\/i0.wp.com\/truedigital.com.mx\/wp-content\/uploads\/2023\/03\/Scrum.png?w=2200&amp;ssl=1 2200w, https:\/\/i0.wp.com\/truedigital.com.mx\/wp-content\/uploads\/2023\/03\/Scrum.png?w=3300&amp;ssl=1 3300w\" data-sizes=\"(max-width: 1100px) 100vw, 1100px\" src=\"data:image\/svg+xml;base64,PHN2ZyB3aWR0aD0iMSIgaGVpZ2h0PSIxIiB4bWxucz0iaHR0cDovL3d3dy53My5vcmcvMjAwMC9zdmciPjwvc3ZnPg==\" style=\"--smush-placeholder-width: 10951px; --smush-placeholder-aspect-ratio: 10951\/8190;\" \/>\t\t\t\t\t\t\t\t\t\t\t\t\t\t\t<\/div>\n\t\t\t\t<\/div>\n\t\t\t\t\t<\/div>\n\t\t<\/div>\n\t\t\t\t\t<\/div>\n\t\t<\/section>\n\t\t\t\t<section class=\"elementor-section elementor-top-section elementor-element elementor-element-7b925ab elementor-section-boxed elementor-section-height-default elementor-section-height-default qodef-elementor-content-no\" data-id=\"7b925ab\" data-element_type=\"section\" data-e-type=\"section\">\n\t\t\t\t\t\t<div class=\"elementor-container elementor-column-gap-default\">\n\t\t\t\t\t<div class=\"elementor-column elementor-col-100 elementor-top-column elementor-element elementor-element-f680f06\" data-id=\"f680f06\" data-element_type=\"column\" data-e-type=\"column\">\n\t\t\t<div class=\"elementor-widget-wrap elementor-element-populated\">\n\t\t\t\t\t\t<div class=\"elementor-element elementor-element-ef654da elementor-widget elementor-widget-spacer\" data-id=\"ef654da\" data-element_type=\"widget\" data-e-type=\"widget\" data-widget_type=\"spacer.default\">\n\t\t\t\t<div class=\"elementor-widget-container\">\n\t\t\t\t\t\t\t<div class=\"elementor-spacer\">\n\t\t\t<div class=\"elementor-spacer-inner\"><\/div>\n\t\t<\/div>\n\t\t\t\t\t\t<\/div>\n\t\t\t\t<\/div>\n\t\t\t\t<div class=\"elementor-element elementor-element-b9308eb elementor-align-center elementor-widget elementor-widget-global elementor-global-3521 elementor-widget-button\" data-id=\"b9308eb\" data-element_type=\"widget\" data-e-type=\"widget\" data-widget_type=\"button.default\">\n\t\t\t\t<div class=\"elementor-widget-container\">\n\t\t\t\t\t\t\t\t\t<div class=\"elementor-button-wrapper\">\n\t\t\t\t\t<a class=\"elementor-button elementor-button-link elementor-size-sm\" href=\"https:\/\/meetings.hubspot.com\/gabriel-soto-ortiz-tirado\">\n\t\t\t\t\t\t<span class=\"elementor-button-content-wrapper\">\n\t\t\t\t\t\t\t\t\t<span class=\"elementor-button-text\">Agenda una llamada<\/span>\n\t\t\t\t\t<\/span>\n\t\t\t\t\t<\/a>\n\t\t\t\t<\/div>\n\t\t\t\t\t\t\t\t<\/div>\n\t\t\t\t<\/div>\n\t\t\t\t<div class=\"elementor-element elementor-element-88e0db7 elementor-widget elementor-widget-spacer\" data-id=\"88e0db7\" data-element_type=\"widget\" data-e-type=\"widget\" data-widget_type=\"spacer.default\">\n\t\t\t\t<div class=\"elementor-widget-container\">\n\t\t\t\t\t\t\t<div class=\"elementor-spacer\">\n\t\t\t<div class=\"elementor-spacer-inner\"><\/div>\n\t\t<\/div>\n\t\t\t\t\t\t<\/div>\n\t\t\t\t<\/div>\n\t\t\t\t\t<\/div>\n\t\t<\/div>\n\t\t\t\t\t<\/div>\n\t\t<\/section>\n\t\t\t\t<\/div>\n\t\t","protected":false},"excerpt":{"rendered":"<p>SOBRE NOSOTROS Somos una empresa de consultor\u00eda especializada en transformaci\u00f3n digital y experiencia del cliente. Nuestro equipo est\u00e1 conformado por un grupo de j\u00f3venes mexicanos comprometidos en impulsar el desarrollo&hellip;<\/p>","protected":false},"author":3,"featured_media":0,"parent":0,"menu_order":0,"comment_status":"closed","ping_status":"closed","template":"","meta":{"nf_dc_page":"","_monsterinsights_skip_tracking":false,"_monsterinsights_sitenote_active":false,"_monsterinsights_sitenote_note":"","_monsterinsights_sitenote_category":0,"footnotes":""},"class_list":["post-202","page","type-page","status-publish","hentry"],"yoast_head":"<!-- This site is optimized with the Yoast SEO plugin v27.4 - https:\/\/yoast.com\/product\/yoast-seo-wordpress\/ -->\n<title>Nosotros - True Digital Consulting<\/title>\n<meta name=\"robots\" content=\"index, follow, max-snippet:-1, max-image-preview:large, max-video-preview:-1\" \/>\n<link rel=\"canonical\" href=\"https:\/\/truedigital.com.mx\/en\/nosotros\/\" \/>\n<meta property=\"og:locale\" content=\"en_US\" \/>\n<meta property=\"og:type\" content=\"article\" \/>\n<meta property=\"og:title\" content=\"Nosotros - True Digital Consulting\" \/>\n<meta property=\"og:description\" content=\"SOBRE NOSOTROS Somos una empresa de consultor\u00eda especializada en transformaci\u00f3n digital y experiencia del cliente. Nuestro equipo est\u00e1 conformado por un grupo de j\u00f3venes mexicanos comprometidos en impulsar el desarrollo&hellip;\" \/>\n<meta property=\"og:url\" content=\"https:\/\/truedigital.com.mx\/en\/nosotros\/\" \/>\n<meta property=\"og:site_name\" content=\"True Digital Consulting\" \/>\n<meta property=\"article:modified_time\" content=\"2023-03-16T02:41:20+00:00\" \/>\n<meta property=\"og:image\" content=\"https:\/\/truedigital.com.mx\/wp-content\/uploads\/2023\/02\/Logo-TDC-blnaco-1024x257.png\" \/>\n<meta name=\"twitter:card\" content=\"summary_large_image\" \/>\n<meta name=\"twitter:label1\" content=\"Est. reading time\" \/>\n\t<meta name=\"twitter:data1\" content=\"1 minute\" \/>\n<script type=\"application\/ld+json\" class=\"yoast-schema-graph\">{\"@context\":\"https:\\\/\\\/schema.org\",\"@graph\":[{\"@type\":\"WebPage\",\"@id\":\"https:\\\/\\\/truedigital.com.mx\\\/nosotros\\\/\",\"url\":\"https:\\\/\\\/truedigital.com.mx\\\/nosotros\\\/\",\"name\":\"Nosotros - True Digital Consulting\",\"isPartOf\":{\"@id\":\"http:\\\/\\\/box5847.temp.domains\\\/~truedig1\\\/#website\"},\"primaryImageOfPage\":{\"@id\":\"https:\\\/\\\/truedigital.com.mx\\\/nosotros\\\/#primaryimage\"},\"image\":{\"@id\":\"https:\\\/\\\/truedigital.com.mx\\\/nosotros\\\/#primaryimage\"},\"thumbnailUrl\":\"https:\\\/\\\/truedigital.com.mx\\\/wp-content\\\/uploads\\\/2023\\\/02\\\/Logo-TDC-blnaco-1024x257.png\",\"datePublished\":\"2020-10-21T08:08:54+00:00\",\"dateModified\":\"2023-03-16T02:41:20+00:00\",\"breadcrumb\":{\"@id\":\"https:\\\/\\\/truedigital.com.mx\\\/nosotros\\\/#breadcrumb\"},\"inLanguage\":\"en-US\",\"potentialAction\":[{\"@type\":\"ReadAction\",\"target\":[\"https:\\\/\\\/truedigital.com.mx\\\/nosotros\\\/\"]}]},{\"@type\":\"ImageObject\",\"inLanguage\":\"en-US\",\"@id\":\"https:\\\/\\\/truedigital.com.mx\\\/nosotros\\\/#primaryimage\",\"url\":\"https:\\\/\\\/truedigital.com.mx\\\/wp-content\\\/uploads\\\/2023\\\/02\\\/Logo-TDC-blnaco-1024x257.png\",\"contentUrl\":\"https:\\\/\\\/truedigital.com.mx\\\/wp-content\\\/uploads\\\/2023\\\/02\\\/Logo-TDC-blnaco-1024x257.png\"},{\"@type\":\"BreadcrumbList\",\"@id\":\"https:\\\/\\\/truedigital.com.mx\\\/nosotros\\\/#breadcrumb\",\"itemListElement\":[{\"@type\":\"ListItem\",\"position\":1,\"name\":\"Home\",\"item\":\"https:\\\/\\\/truedigital.com.mx\\\/\"},{\"@type\":\"ListItem\",\"position\":2,\"name\":\"Nosotros\"}]},{\"@type\":\"WebSite\",\"@id\":\"http:\\\/\\\/box5847.temp.domains\\\/~truedig1\\\/#website\",\"url\":\"http:\\\/\\\/box5847.temp.domains\\\/~truedig1\\\/\",\"name\":\"True Digital Consulting\",\"description\":\"\",\"publisher\":{\"@id\":\"http:\\\/\\\/box5847.temp.domains\\\/~truedig1\\\/#organization\"},\"potentialAction\":[{\"@type\":\"SearchAction\",\"target\":{\"@type\":\"EntryPoint\",\"urlTemplate\":\"http:\\\/\\\/box5847.temp.domains\\\/~truedig1\\\/?s={search_term_string}\"},\"query-input\":{\"@type\":\"PropertyValueSpecification\",\"valueRequired\":true,\"valueName\":\"search_term_string\"}}],\"inLanguage\":\"en-US\"},{\"@type\":\"Organization\",\"@id\":\"http:\\\/\\\/box5847.temp.domains\\\/~truedig1\\\/#organization\",\"name\":\"True Digital Consulting\",\"url\":\"http:\\\/\\\/box5847.temp.domains\\\/~truedig1\\\/\",\"logo\":{\"@type\":\"ImageObject\",\"inLanguage\":\"en-US\",\"@id\":\"http:\\\/\\\/box5847.temp.domains\\\/~truedig1\\\/#\\\/schema\\\/logo\\\/image\\\/\",\"url\":\"https:\\\/\\\/i0.wp.com\\\/truedigital.com.mx\\\/wp-content\\\/uploads\\\/2023\\\/02\\\/cropped-Logo-TDC.png?fit=3042%2C764&ssl=1\",\"contentUrl\":\"https:\\\/\\\/i0.wp.com\\\/truedigital.com.mx\\\/wp-content\\\/uploads\\\/2023\\\/02\\\/cropped-Logo-TDC.png?fit=3042%2C764&ssl=1\",\"width\":3042,\"height\":764,\"caption\":\"True Digital Consulting\"},\"image\":{\"@id\":\"http:\\\/\\\/box5847.temp.domains\\\/~truedig1\\\/#\\\/schema\\\/logo\\\/image\\\/\"}}]}<\/script>\n<!-- \/ Yoast SEO plugin. -->","yoast_head_json":{"title":"Nosotros - True Digital Consulting","robots":{"index":"index","follow":"follow","max-snippet":"max-snippet:-1","max-image-preview":"max-image-preview:large","max-video-preview":"max-video-preview:-1"},"canonical":"https:\/\/truedigital.com.mx\/en\/nosotros\/","og_locale":"en_US","og_type":"article","og_title":"Nosotros - True Digital Consulting","og_description":"SOBRE NOSOTROS Somos una empresa de consultor\u00eda especializada en transformaci\u00f3n digital y experiencia del cliente. Nuestro equipo est\u00e1 conformado por un grupo de j\u00f3venes mexicanos comprometidos en impulsar el desarrollo&hellip;","og_url":"https:\/\/truedigital.com.mx\/en\/nosotros\/","og_site_name":"True Digital Consulting","article_modified_time":"2023-03-16T02:41:20+00:00","og_image":[{"url":"https:\/\/truedigital.com.mx\/wp-content\/uploads\/2023\/02\/Logo-TDC-blnaco-1024x257.png","type":"","width":"","height":""}],"twitter_card":"summary_large_image","twitter_misc":{"Est. reading time":"1 minute"},"schema":{"@context":"https:\/\/schema.org","@graph":[{"@type":"WebPage","@id":"https:\/\/truedigital.com.mx\/nosotros\/","url":"https:\/\/truedigital.com.mx\/nosotros\/","name":"Nosotros - True Digital Consulting","isPartOf":{"@id":"http:\/\/box5847.temp.domains\/~truedig1\/#website"},"primaryImageOfPage":{"@id":"https:\/\/truedigital.com.mx\/nosotros\/#primaryimage"},"image":{"@id":"https:\/\/truedigital.com.mx\/nosotros\/#primaryimage"},"thumbnailUrl":"https:\/\/truedigital.com.mx\/wp-content\/uploads\/2023\/02\/Logo-TDC-blnaco-1024x257.png","datePublished":"2020-10-21T08:08:54+00:00","dateModified":"2023-03-16T02:41:20+00:00","breadcrumb":{"@id":"https:\/\/truedigital.com.mx\/nosotros\/#breadcrumb"},"inLanguage":"en-US","potentialAction":[{"@type":"ReadAction","target":["https:\/\/truedigital.com.mx\/nosotros\/"]}]},{"@type":"ImageObject","inLanguage":"en-US","@id":"https:\/\/truedigital.com.mx\/nosotros\/#primaryimage","url":"https:\/\/truedigital.com.mx\/wp-content\/uploads\/2023\/02\/Logo-TDC-blnaco-1024x257.png","contentUrl":"https:\/\/truedigital.com.mx\/wp-content\/uploads\/2023\/02\/Logo-TDC-blnaco-1024x257.png"},{"@type":"BreadcrumbList","@id":"https:\/\/truedigital.com.mx\/nosotros\/#breadcrumb","itemListElement":[{"@type":"ListItem","position":1,"name":"Home","item":"https:\/\/truedigital.com.mx\/"},{"@type":"ListItem","position":2,"name":"Nosotros"}]},{"@type":"WebSite","@id":"http:\/\/box5847.temp.domains\/~truedig1\/#website","url":"http:\/\/box5847.temp.domains\/~truedig1\/","name":"True Digital Consulting","description":"","publisher":{"@id":"http:\/\/box5847.temp.domains\/~truedig1\/#organization"},"potentialAction":[{"@type":"SearchAction","target":{"@type":"EntryPoint","urlTemplate":"http:\/\/box5847.temp.domains\/~truedig1\/?s={search_term_string}"},"query-input":{"@type":"PropertyValueSpecification","valueRequired":true,"valueName":"search_term_string"}}],"inLanguage":"en-US"},{"@type":"Organization","@id":"http:\/\/box5847.temp.domains\/~truedig1\/#organization","name":"True Digital Consulting","url":"http:\/\/box5847.temp.domains\/~truedig1\/","logo":{"@type":"ImageObject","inLanguage":"en-US","@id":"http:\/\/box5847.temp.domains\/~truedig1\/#\/schema\/logo\/image\/","url":"https:\/\/i0.wp.com\/truedigital.com.mx\/wp-content\/uploads\/2023\/02\/cropped-Logo-TDC.png?fit=3042%2C764&ssl=1","contentUrl":"https:\/\/i0.wp.com\/truedigital.com.mx\/wp-content\/uploads\/2023\/02\/cropped-Logo-TDC.png?fit=3042%2C764&ssl=1","width":3042,"height":764,"caption":"True Digital Consulting"},"image":{"@id":"http:\/\/box5847.temp.domains\/~truedig1\/#\/schema\/logo\/image\/"}}]}},"jetpack_sharing_enabled":true,"_links":{"self":[{"href":"https:\/\/truedigital.com.mx\/en\/wp-json\/wp\/v2\/pages\/202","targetHints":{"allow":["GET"]}}],"collection":[{"href":"https:\/\/truedigital.com.mx\/en\/wp-json\/wp\/v2\/pages"}],"about":[{"href":"https:\/\/truedigital.com.mx\/en\/wp-json\/wp\/v2\/types\/page"}],"author":[{"embeddable":true,"href":"https:\/\/truedigital.com.mx\/en\/wp-json\/wp\/v2\/users\/3"}],"replies":[{"embeddable":true,"href":"https:\/\/truedigital.com.mx\/en\/wp-json\/wp\/v2\/comments?post=202"}],"version-history":[{"count":20,"href":"https:\/\/truedigital.com.mx\/en\/wp-json\/wp\/v2\/pages\/202\/revisions"}],"predecessor-version":[{"id":4308,"href":"https:\/\/truedigital.com.mx\/en\/wp-json\/wp\/v2\/pages\/202\/revisions\/4308"}],"wp:attachment":[{"href":"https:\/\/truedigital.com.mx\/en\/wp-json\/wp\/v2\/media?parent=202"}],"curies":[{"name":"wp","href":"https:\/\/api.w.org\/{rel}","templated":true}]}}